{"id":384,"date":"2025-10-07T17:19:26","date_gmt":"2025-10-07T17:19:26","guid":{"rendered":"https:\/\/underdevelopment.website\/?page_id=384"},"modified":"2025-11-03T10:05:35","modified_gmt":"2025-11-03T10:05:35","slug":"uber-mich","status":"publish","type":"page","link":"https:\/\/underdevelopment.website\/?page_id=384","title":{"rendered":"\u00dcber mich"},"content":{"rendered":"\t\t<div data-elementor-type=\"wp-page\" data-elementor-id=\"384\" class=\"elementor elementor-384\">\n\t\t\t\t<div class=\"elementor-element elementor-element-5545213b e-con-full e-flex parallax_section_no qode_elementor_container_no e-con e-parent\" data-id=\"5545213b\" data-element_type=\"container\" data-e-type=\"container\" data-settings=\"{&quot;background_background&quot;:&quot;classic&quot;}\">\n\t\t<div class=\"elementor-element elementor-element-554a8e72 e-con-full qode_elementor_container_inner e-flex parallax_section_no e-con e-child\" data-id=\"554a8e72\" data-element_type=\"container\" data-e-type=\"container\">\n\t\t<div class=\"elementor-element elementor-element-605137ca e-flex e-con-boxed parallax_section_no qode_elementor_container_no e-con e-child\" data-id=\"605137ca\" data-element_type=\"container\" data-e-type=\"container\">\n\t\t\t\t\t<div class=\"e-con-inner\">\n\t\t\t\t<div class=\"elementor-element elementor-element-ac61904 elementor-widget elementor-widget-image\" data-id=\"ac61904\" data-element_type=\"widget\" data-e-type=\"widget\" data-widget_type=\"image.default\">\n\t\t\t\t\t\t\t\t\t\t\t\t\t\t\t<img fetchpriority=\"high\" decoding=\"async\" width=\"1000\" height=\"915\" src=\"https:\/\/underdevelopment.website\/wp-content\/uploads\/2025\/10\/mystical-numerology-scene.jpg\" class=\"attachment-full size-full wp-image-362\" alt=\"\" srcset=\"https:\/\/underdevelopment.website\/wp-content\/uploads\/2025\/10\/mystical-numerology-scene.jpg 1000w, https:\/\/underdevelopment.website\/wp-content\/uploads\/2025\/10\/mystical-numerology-scene-300x275.jpg 300w, https:\/\/underdevelopment.website\/wp-content\/uploads\/2025\/10\/mystical-numerology-scene-768x703.jpg 768w, https:\/\/underdevelopment.website\/wp-content\/uploads\/2025\/10\/mystical-numerology-scene-700x641.jpg 700w\" sizes=\"(max-width: 1000px) 100vw, 1000px\" \/>\t\t\t\t\t\t\t\t\t\t\t\t\t\t\t<\/div>\n\t\t\t\t\t<\/div>\n\t\t\t\t<\/div>\n\t\t<div class=\"elementor-element elementor-element-56d36879 e-flex e-con-boxed parallax_section_no qode_elementor_container_no e-con e-child\" data-id=\"56d36879\" data-element_type=\"container\" data-e-type=\"container\" data-settings=\"{&quot;background_background&quot;:&quot;classic&quot;}\">\n\t\t\t\t\t<div class=\"e-con-inner\">\n\t\t\t\t<div class=\"elementor-element elementor-element-66acd5ab elementor-widget elementor-widget-text-editor\" data-id=\"66acd5ab\" data-element_type=\"widget\" data-e-type=\"widget\" data-widget_type=\"text-editor.default\">\n\t\t\t\t\t\t\t\t\t<h3><span style=\"color: #ffffff;\">Astrologie ist kein starres Schicksal \u2013 sie ist ein Wegweiser.<\/span><\/h3>\t\t\t\t\t\t\t\t<\/div>\n\t\t\t\t\t<\/div>\n\t\t\t\t<\/div>\n\t\t\t\t<\/div>\n\t\t\t\t<\/div>\n\t\t<div class=\"elementor-element elementor-element-a3a72db e-con-full qode_elementor_container_inner e-flex parallax_section_no e-con e-parent\" data-id=\"a3a72db\" data-element_type=\"container\" data-e-type=\"container\">\n\t\t<div class=\"elementor-element elementor-element-dfe2ac9 e-con-full e-flex parallax_section_no qode_elementor_container_no e-con e-child\" data-id=\"dfe2ac9\" data-element_type=\"container\" data-e-type=\"container\">\n\t\t\t\t<div class=\"elementor-element elementor-element-1accdc7 animated-slow elementor-widget elementor-widget-image\" data-id=\"1accdc7\" data-element_type=\"widget\" data-e-type=\"widget\" data-settings=\"{&quot;_animation&quot;:&quot;none&quot;,&quot;_animation_delay&quot;:100}\" data-widget_type=\"image.default\">\n\t\t\t\t\t\t\t\t\t\t\t\t\t\t\t<img decoding=\"async\" width=\"1254\" height=\"1100\" src=\"https:\/\/underdevelopment.website\/wp-content\/uploads\/2025\/10\/door-leading-magical-world-1.jpg\" class=\"attachment-full size-full wp-image-388\" alt=\"\" srcset=\"https:\/\/underdevelopment.website\/wp-content\/uploads\/2025\/10\/door-leading-magical-world-1.jpg 1254w, https:\/\/underdevelopment.website\/wp-content\/uploads\/2025\/10\/door-leading-magical-world-1-300x263.jpg 300w, https:\/\/underdevelopment.website\/wp-content\/uploads\/2025\/10\/door-leading-magical-world-1-1024x898.jpg 1024w, https:\/\/underdevelopment.website\/wp-content\/uploads\/2025\/10\/door-leading-magical-world-1-768x674.jpg 768w, https:\/\/underdevelopment.website\/wp-content\/uploads\/2025\/10\/door-leading-magical-world-1-700x614.jpg 700w\" sizes=\"(max-width: 1254px) 100vw, 1254px\" \/>\t\t\t\t\t\t\t\t\t\t\t\t\t\t\t<\/div>\n\t\t\t\t<\/div>\n\t\t<div class=\"elementor-element elementor-element-e9c6c99 e-con-full e-flex parallax_section_no qode_elementor_container_no e-con e-child\" data-id=\"e9c6c99\" data-element_type=\"container\" data-e-type=\"container\">\n\t\t\t\t<div class=\"elementor-element elementor-element-9216fb4 elementor-widget elementor-widget-text-editor\" data-id=\"9216fb4\" data-element_type=\"widget\" data-e-type=\"widget\" data-widget_type=\"text-editor.default\">\n\t\t\t\t\t\t\t\t\t<h1>Vita<\/h1>\t\t\t\t\t\t\t\t<\/div>\n\t\t\t\t<div class=\"elementor-element elementor-element-794b0b4 elementor-widget elementor-widget-text-editor\" data-id=\"794b0b4\" data-element_type=\"widget\" data-e-type=\"widget\" data-widget_type=\"text-editor.default\">\n\t\t\t\t\t\t\t\t\t<p>\u201eSeit \u00fcber 34 Jahren arbeite ich als Medium und Astrologin. F\u00fcr mich ist Astrologie nicht nur Voraussage \u2013 sie ist ein Instrument, mit dem sich die verborgene Welt sichtbar macht.<\/p><p>\u00a0<\/p><p>In der Medialit\u00e4t allein bleibt vieles unsichtbar, und nicht alle Menschen k\u00f6nnen direkt mit spirituellen Ebenen umgehen. Die Astrologie bietet hier eine Br\u00fccke.<\/p><p>\u00a0<\/p><p>Anfang der 1990er Jahre vertiefte ich mein Wissen in Indien, am renommierten Bhavan\u2019s K. N. Rao Institute of Astrology in New Delhi \u2013 einer der f\u00fchrenden Lehrst\u00e4tten f\u00fcr vedische Astrologie. Dort studierte ich klassische Jyotish-Prinzipien, Methoden und Praxis, um mein Verst\u00e4ndnis von Karma, Beziehungsmustern und astrologischer Navigation zu sch\u00e4rfen.<\/p>\t\t\t\t\t\t\t\t<\/div>\n\t\t\t\t<\/div>\n\t\t\t\t<\/div>\n\t\t<div class=\"elementor-element elementor-element-1b667c02 e-con-full e-flex parallax_section_no qode_elementor_container_no e-con e-parent\" data-id=\"1b667c02\" data-element_type=\"container\" data-e-type=\"container\" data-settings=\"{&quot;background_background&quot;:&quot;classic&quot;}\">\n\t\t<div class=\"elementor-element elementor-element-7f74ad6 e-con-full qode_elementor_container_inner e-flex parallax_section_no e-con e-child\" data-id=\"7f74ad6\" data-element_type=\"container\" data-e-type=\"container\">\n\t\t<div class=\"elementor-element elementor-element-7b3094a2 e-flex e-con-boxed parallax_section_no qode_elementor_container_no e-con e-child\" data-id=\"7b3094a2\" data-element_type=\"container\" data-e-type=\"container\" data-settings=\"{&quot;background_background&quot;:&quot;classic&quot;}\">\n\t\t\t\t\t<div class=\"e-con-inner\">\n\t\t\t\t<div class=\"elementor-element elementor-element-8b8e0dd elementor-widget elementor-widget-text-editor\" data-id=\"8b8e0dd\" data-element_type=\"widget\" data-e-type=\"widget\" data-widget_type=\"text-editor.default\">\n\t\t\t\t\t\t\t\t\t<p>Ich habe mich bewusst f\u00fcr die vedische (indische) Astrologie entschieden, da mir die westliche Astrologie mit ihrem tropischen Tierkreis oft zu ungenau erschien. Die vedische Astrologie arbeitet mit dem siderischen Tierkreis, der die tats\u00e4chliche Sternenposition ber\u00fccksichtigt \u2013 und dadurch eine beeindruckende Genauigkeit erreicht.<\/p><p>\u00a0<\/p><p>W\u00e4hrend die westliche Astrologie meist psychologische Deutungen bietet, geht die vedische tiefer: Sie zeigt pr\u00e4zise Zeitpunkte, wiederkehrende Muster und karmische Aufgaben.<\/p><p>Diese langj\u00e4hrige Erfahrung verbindet sich mit tiefem Einf\u00fchlungsverm\u00f6gen \u2013 ich begleite Menschen darin, ihre eigenen Muster zu erkennen und ihre individuelle Lebensspur klarer zu sehen.\u201c<\/p>\t\t\t\t\t\t\t\t<\/div>\n\t\t\t\t\t<\/div>\n\t\t\t\t<\/div>\n\t\t\t\t<\/div>\n\t\t\t\t<\/div>\n\t\t<div style=\"background-image: url(https:\/\/underdevelopment.website\/wp-content\/uploads\/2025\/10\/slider-1.jpg);\" class=\"parallax_section_holder elementor-element elementor-element-d9d8f1e e-con-full parallax_section_holder e-flex qode_elementor_container_no e-con e-parent\" data-speed=\"0\" data-id=\"d9d8f1e\" data-element_type=\"container\" data-e-type=\"container\" data-settings=\"{&quot;qode_parallax_image&quot;:{&quot;url&quot;:&quot;https:\\\/\\\/underdevelopment.website\\\/wp-content\\\/uploads\\\/2025\\\/10\\\/slider-1.jpg&quot;,&quot;id&quot;:221,&quot;size&quot;:&quot;&quot;,&quot;alt&quot;:&quot;&quot;,&quot;source&quot;:&quot;library&quot;}}\">\n\t\t<div class=\"elementor-element elementor-element-f5fe231 e-con-full e-flex parallax_section_no qode_elementor_container_no e-con e-child\" data-id=\"f5fe231\" data-element_type=\"container\" data-e-type=\"container\">\n\t\t\t\t<div class=\"elementor-element elementor-element-8ac0c3f elementor-widget__width-auto elementor-widget elementor-widget-bridge_video_box\" data-id=\"8ac0c3f\" data-element_type=\"widget\" data-e-type=\"widget\" data-widget_type=\"bridge_video_box.default\">\n\t\t\t\t<div class=\"elementor-widget-container\">\n\t\t\t\t\t<div class=\"qode_video_box disabled_hover_overlay disabled_hover_zoom\">\n\t<a itemprop=\"image\" class=\"qode_video_image\" href=\"https:\/\/youtu.be\/TDjneVD7SxU?si=SS4LjemUY3FxVCZR&#038;rel=0&#038;vq=hd1080\" data-rel=\"prettyPhoto\">\n\t\t\t\t\t<img decoding=\"async\" width=\"135\" height=\"135\" src=\"https:\/\/underdevelopment.website\/wp-content\/uploads\/2025\/10\/video-1.png\" class=\"attachment-full size-full\" alt=\"\" \/>\t\t\t<span class=\"qode_video_box_button_holder\">\n\t\t\t\t<span class=\"qode_video_box_button\">\n\t\t\t\t\t<span class=\"qode_video_box_button_arrow\">\n\t\t\t\t\t<\/span>\n\t\t\t\t<\/span>\n\t\t\t<\/span>\n\t\t\t<\/a>\n<\/div>\t\t\t\t<\/div>\n\t\t\t\t<\/div>\n\t\t\t\t<\/div>\n\t\t\t\t<\/div>\n\t\t<div class=\"elementor-element elementor-element-5d690a2 e-con-full e-flex parallax_section_no qode_elementor_container_no e-con e-parent\" data-id=\"5d690a2\" data-element_type=\"container\" data-e-type=\"container\" data-settings=\"{&quot;background_background&quot;:&quot;classic&quot;}\">\n\t\t<div class=\"elementor-element elementor-element-6e64b1e e-con-full qode_elementor_container_inner e-flex parallax_section_no e-con e-child\" data-id=\"6e64b1e\" data-element_type=\"container\" data-e-type=\"container\">\n\t\t<div class=\"elementor-element elementor-element-a3e5138 e-con-full e-flex parallax_section_no qode_elementor_container_no e-con e-child\" data-id=\"a3e5138\" data-element_type=\"container\" data-e-type=\"container\">\n\t\t\t\t<div class=\"elementor-element elementor-element-4579511 elementor-widget elementor-widget-image\" data-id=\"4579511\" data-element_type=\"widget\" data-e-type=\"widget\" data-widget_type=\"image.default\">\n\t\t\t\t\t\t\t\t\t\t\t\t\t\t\t<img loading=\"lazy\" decoding=\"async\" width=\"13\" height=\"12\" src=\"https:\/\/underdevelopment.website\/wp-content\/uploads\/2025\/10\/quote.png\" class=\"attachment-full size-full wp-image-297\" alt=\"\" \/>\t\t\t\t\t\t\t\t\t\t\t\t\t\t\t<\/div>\n\t\t\t\t<div class=\"elementor-element elementor-element-638a242 elementor-widget elementor-widget-text-editor\" data-id=\"638a242\" data-element_type=\"widget\" data-e-type=\"widget\" data-widget_type=\"text-editor.default\">\n\t\t\t\t\t\t\t\t\t<h1 style=\"text-align: center;\">Referenzen<\/h1>\t\t\t\t\t\t\t\t<\/div>\n\t\t\t\t<div class=\"elementor-element elementor-element-8de01f2 elementor-widget elementor-widget-bridge_testimonials_carousel\" data-id=\"8de01f2\" data-element_type=\"widget\" data-e-type=\"widget\" data-widget_type=\"bridge_testimonials_carousel.default\">\n\t\t\t\t<div class=\"elementor-widget-container\">\n\t\t\t\t\t<div class='testimonials_c_holder clearfix '><div class=\"testimonials_c testimonials_c_carousel\" data-show-navigation=\"no\" data-animation-speed=\"700\" data-auto-rotate-slides=\"5\" data-number-per-slide=\"1\"><ul class=\"slides\"><li id=\"testimonials-c-73\" class=\"testimonial_content\"><div class=\"testimonial_content_inner\"><div class=\"testimonial_text_holder\"><div class=\"testimonial_text_inner\" style=\"color: #FFFFFF;\"><p style=\"color:#FFFFFF\">\u201eDas Karrierehoroskop hat mir gezeigt, wo mein wahres Potential liegt und wann der beste Zeitpunkt f\u00fcr meinen Jobwechsel war.\u201c<\/p><p class=\"testimonial_author\" style=\"color: #FFFFFF;color: #FFFFFF;\">Michael S. Vedic Astrologie<\/p><\/div><\/div><\/div><\/li><li id=\"testimonials-c-72\" class=\"testimonial_content\"><div class=\"testimonial_content_inner\"><div class=\"testimonial_text_holder\"><div class=\"testimonial_text_inner\" style=\"color: #FFFFFF;\"><p style=\"color:#FFFFFF\">\u201eMein Jahreshoroskop hat mir Klarheit gegeben, welche Monate voller Chancen sind und wann Geduld gefragt ist. Ich f\u00fchle mich jetzt sicherer in meinen Entscheidungen.\u201c<\/p><p class=\"testimonial_author\" style=\"color: #FFFFFF;color: #FFFFFF;\">Laura K. Vedic Astrologie<\/p><\/div><\/div><\/div><\/li><li id=\"testimonials-c-71\" class=\"testimonial_content\"><div class=\"testimonial_content_inner\"><div class=\"testimonial_text_holder\"><div class=\"testimonial_text_inner\" style=\"color: #FFFFFF;\"><p style=\"color:#FFFFFF\">\u201eDank des Horoskops habe ich endlich verstanden, warum wir uns immer wieder streiten \u2013 und wie wir unsere Beziehung positiv ver\u00e4ndern k\u00f6nnen.\u201c<\/p><p class=\"testimonial_author\" style=\"color: #FFFFFF;color: #FFFFFF;\">Anna M.  Vedic Astrologie<\/p><\/div><\/div><\/div><\/li><\/ul><\/div><\/div>\t\t\t\t<\/div>\n\t\t\t\t<\/div>\n\t\t\t\t<\/div>\n\t\t<div class=\"elementor-element elementor-element-3333134 e-con-full e-flex parallax_section_no qode_elementor_container_no e-con e-child\" data-id=\"3333134\" data-element_type=\"container\" data-e-type=\"container\">\n\t\t\t\t<div class=\"elementor-element elementor-element-1890172 animated-slow elementor-widget elementor-widget-image\" data-id=\"1890172\" data-element_type=\"widget\" data-e-type=\"widget\" data-settings=\"{&quot;_animation&quot;:&quot;none&quot;,&quot;_animation_delay&quot;:100}\" data-widget_type=\"image.default\">\n\t\t\t\t\t\t\t\t\t\t\t\t\t\t\t<img loading=\"lazy\" decoding=\"async\" width=\"1000\" height=\"893\" src=\"https:\/\/underdevelopment.website\/wp-content\/uploads\/2025\/10\/home-444-1.jpg\" class=\"attachment-full size-full wp-image-298\" alt=\"\" srcset=\"https:\/\/underdevelopment.website\/wp-content\/uploads\/2025\/10\/home-444-1.jpg 1000w, https:\/\/underdevelopment.website\/wp-content\/uploads\/2025\/10\/home-444-1-300x268.jpg 300w, https:\/\/underdevelopment.website\/wp-content\/uploads\/2025\/10\/home-444-1-768x686.jpg 768w, https:\/\/underdevelopment.website\/wp-content\/uploads\/2025\/10\/home-444-1-700x625.jpg 700w\" sizes=\"(max-width: 1000px) 100vw, 1000px\" \/>\t\t\t\t\t\t\t\t\t\t\t\t\t\t\t<\/div>\n\t\t\t\t<\/div>\n\t\t\t\t<\/div>\n\t\t\t\t<\/div>\n\t\t\t\t<\/div>\n\t\t","protected":false},"excerpt":{"rendered":"<p>Astrologie ist kein starres Schicksal \u2013 sie ist ein Wegweiser. Vita \u201eSeit \u00fcber 34 Jahren arbeite ich als Medium und Astrologin. F\u00fcr mich ist Astrologie nicht nur Voraussage \u2013 sie ist ein Instrument, mit dem sich die verborgene Welt sichtbar macht. \u00a0 In der Medialit\u00e4t&#8230;<\/p>\n","protected":false},"author":1,"featured_media":0,"parent":0,"menu_order":0,"comment_status":"closed","ping_status":"closed","template":"full_width.php","meta":{"footnotes":""},"class_list":["post-384","page","type-page","status-publish","hentry"],"yoast_head":"<!-- This site is optimized with the Yoast SEO plugin v27.4 - https:\/\/yoast.com\/product\/yoast-seo-wordpress\/ -->\n<title>\u00dcber mich - Vedische Astrologie \u2013 Pers\u00f6nliche Horoskope f\u00fcr Liebe, Karriere &amp; Leben<\/title>\n<meta name=\"robots\" content=\"index, follow, max-snippet:-1, max-image-preview:large, max-video-preview:-1\" \/>\n<link rel=\"canonical\" href=\"https:\/\/underdevelopment.website\/?page_id=384\" \/>\n<meta property=\"og:locale\" content=\"en_US\" \/>\n<meta property=\"og:type\" content=\"article\" \/>\n<meta property=\"og:title\" content=\"\u00dcber mich - Vedische Astrologie \u2013 Pers\u00f6nliche Horoskope f\u00fcr Liebe, Karriere &amp; Leben\" \/>\n<meta property=\"og:description\" content=\"Astrologie ist kein starres Schicksal \u2013 sie ist ein Wegweiser. Vita \u201eSeit \u00fcber 34 Jahren arbeite ich als Medium und Astrologin. F\u00fcr mich ist Astrologie nicht nur Voraussage \u2013 sie ist ein Instrument, mit dem sich die verborgene Welt sichtbar macht. \u00a0 In der Medialit\u00e4t...\" \/>\n<meta property=\"og:url\" content=\"https:\/\/underdevelopment.website\/?page_id=384\" \/>\n<meta property=\"og:site_name\" content=\"Vedische Astrologie \u2013 Pers\u00f6nliche Horoskope f\u00fcr Liebe, Karriere &amp; Leben\" \/>\n<meta property=\"article:modified_time\" content=\"2025-11-03T10:05:35+00:00\" \/>\n<meta property=\"og:image\" content=\"http:\/\/underdevelopment.website\/wp-content\/uploads\/2025\/10\/mystical-numerology-scene.jpg\" \/>\n<meta name=\"twitter:card\" content=\"summary_large_image\" \/>\n<meta name=\"twitter:label1\" content=\"Est. reading time\" \/>\n\t<meta name=\"twitter:data1\" content=\"2 minutes\" \/>\n<script type=\"application\/ld+json\" class=\"yoast-schema-graph\">{\"@context\":\"https:\\\/\\\/schema.org\",\"@graph\":[{\"@type\":\"WebPage\",\"@id\":\"https:\\\/\\\/underdevelopment.website\\\/?page_id=384\",\"url\":\"https:\\\/\\\/underdevelopment.website\\\/?page_id=384\",\"name\":\"\u00dcber mich - Vedische Astrologie \u2013 Pers\u00f6nliche Horoskope f\u00fcr Liebe, Karriere &amp; Leben\",\"isPartOf\":{\"@id\":\"https:\\\/\\\/underdevelopment.website\\\/#website\"},\"primaryImageOfPage\":{\"@id\":\"https:\\\/\\\/underdevelopment.website\\\/?page_id=384#primaryimage\"},\"image\":{\"@id\":\"https:\\\/\\\/underdevelopment.website\\\/?page_id=384#primaryimage\"},\"thumbnailUrl\":\"http:\\\/\\\/underdevelopment.website\\\/wp-content\\\/uploads\\\/2025\\\/10\\\/mystical-numerology-scene.jpg\",\"datePublished\":\"2025-10-07T17:19:26+00:00\",\"dateModified\":\"2025-11-03T10:05:35+00:00\",\"breadcrumb\":{\"@id\":\"https:\\\/\\\/underdevelopment.website\\\/?page_id=384#breadcrumb\"},\"inLanguage\":\"en-US\",\"potentialAction\":[{\"@type\":\"ReadAction\",\"target\":[\"https:\\\/\\\/underdevelopment.website\\\/?page_id=384\"]}]},{\"@type\":\"ImageObject\",\"inLanguage\":\"en-US\",\"@id\":\"https:\\\/\\\/underdevelopment.website\\\/?page_id=384#primaryimage\",\"url\":\"http:\\\/\\\/underdevelopment.website\\\/wp-content\\\/uploads\\\/2025\\\/10\\\/mystical-numerology-scene.jpg\",\"contentUrl\":\"http:\\\/\\\/underdevelopment.website\\\/wp-content\\\/uploads\\\/2025\\\/10\\\/mystical-numerology-scene.jpg\"},{\"@type\":\"BreadcrumbList\",\"@id\":\"https:\\\/\\\/underdevelopment.website\\\/?page_id=384#breadcrumb\",\"itemListElement\":[{\"@type\":\"ListItem\",\"position\":1,\"name\":\"Home\",\"item\":\"https:\\\/\\\/underdevelopment.website\\\/\"},{\"@type\":\"ListItem\",\"position\":2,\"name\":\"\u00dcber mich\"}]},{\"@type\":\"WebSite\",\"@id\":\"https:\\\/\\\/underdevelopment.website\\\/#website\",\"url\":\"https:\\\/\\\/underdevelopment.website\\\/\",\"name\":\"Vedische Astrologie \u2013 Pers\u00f6nliche Horoskope f\u00fcr Liebe, Karriere & Leben\",\"description\":\"Entdecke dein pers\u00f6nliches Horoskop mit pr\u00e4ziser vedischer Astrologie. Erhalte Klarheit \u00fcber Liebe, Beziehungen, Karriere, Kinder und deinen Lebensweg. Verstehe Muster, nutze Chancen und finde Orientierung f\u00fcr dein Leben.\",\"publisher\":{\"@id\":\"https:\\\/\\\/underdevelopment.website\\\/#organization\"},\"potentialAction\":[{\"@type\":\"SearchAction\",\"target\":{\"@type\":\"EntryPoint\",\"urlTemplate\":\"https:\\\/\\\/underdevelopment.website\\\/?s={search_term_string}\"},\"query-input\":{\"@type\":\"PropertyValueSpecification\",\"valueRequired\":true,\"valueName\":\"search_term_string\"}}],\"inLanguage\":\"en-US\"},{\"@type\":\"Organization\",\"@id\":\"https:\\\/\\\/underdevelopment.website\\\/#organization\",\"name\":\"Vedische Astrologie \u2013 Pers\u00f6nliche Horoskope f\u00fcr Liebe, Karriere & Leben\",\"url\":\"https:\\\/\\\/underdevelopment.website\\\/\",\"logo\":{\"@type\":\"ImageObject\",\"inLanguage\":\"en-US\",\"@id\":\"https:\\\/\\\/underdevelopment.website\\\/#\\\/schema\\\/logo\\\/image\\\/\",\"url\":\"https:\\\/\\\/underdevelopment.website\\\/wp-content\\\/uploads\\\/2025\\\/10\\\/logo-original.png\",\"contentUrl\":\"https:\\\/\\\/underdevelopment.website\\\/wp-content\\\/uploads\\\/2025\\\/10\\\/logo-original.png\",\"width\":250,\"height\":225,\"caption\":\"Vedische Astrologie \u2013 Pers\u00f6nliche Horoskope f\u00fcr Liebe, Karriere & Leben\"},\"image\":{\"@id\":\"https:\\\/\\\/underdevelopment.website\\\/#\\\/schema\\\/logo\\\/image\\\/\"}}]}<\/script>\n<!-- \/ Yoast SEO plugin. -->","yoast_head_json":{"title":"\u00dcber mich - Vedische Astrologie \u2013 Pers\u00f6nliche Horoskope f\u00fcr Liebe, Karriere &amp; Leben","robots":{"index":"index","follow":"follow","max-snippet":"max-snippet:-1","max-image-preview":"max-image-preview:large","max-video-preview":"max-video-preview:-1"},"canonical":"https:\/\/underdevelopment.website\/?page_id=384","og_locale":"en_US","og_type":"article","og_title":"\u00dcber mich - Vedische Astrologie \u2013 Pers\u00f6nliche Horoskope f\u00fcr Liebe, Karriere &amp; Leben","og_description":"Astrologie ist kein starres Schicksal \u2013 sie ist ein Wegweiser. Vita \u201eSeit \u00fcber 34 Jahren arbeite ich als Medium und Astrologin. F\u00fcr mich ist Astrologie nicht nur Voraussage \u2013 sie ist ein Instrument, mit dem sich die verborgene Welt sichtbar macht. \u00a0 In der Medialit\u00e4t...","og_url":"https:\/\/underdevelopment.website\/?page_id=384","og_site_name":"Vedische Astrologie \u2013 Pers\u00f6nliche Horoskope f\u00fcr Liebe, Karriere &amp; Leben","article_modified_time":"2025-11-03T10:05:35+00:00","og_image":[{"url":"http:\/\/underdevelopment.website\/wp-content\/uploads\/2025\/10\/mystical-numerology-scene.jpg","type":"","width":"","height":""}],"twitter_card":"summary_large_image","twitter_misc":{"Est. reading time":"2 minutes"},"schema":{"@context":"https:\/\/schema.org","@graph":[{"@type":"WebPage","@id":"https:\/\/underdevelopment.website\/?page_id=384","url":"https:\/\/underdevelopment.website\/?page_id=384","name":"\u00dcber mich - Vedische Astrologie \u2013 Pers\u00f6nliche Horoskope f\u00fcr Liebe, Karriere &amp; Leben","isPartOf":{"@id":"https:\/\/underdevelopment.website\/#website"},"primaryImageOfPage":{"@id":"https:\/\/underdevelopment.website\/?page_id=384#primaryimage"},"image":{"@id":"https:\/\/underdevelopment.website\/?page_id=384#primaryimage"},"thumbnailUrl":"http:\/\/underdevelopment.website\/wp-content\/uploads\/2025\/10\/mystical-numerology-scene.jpg","datePublished":"2025-10-07T17:19:26+00:00","dateModified":"2025-11-03T10:05:35+00:00","breadcrumb":{"@id":"https:\/\/underdevelopment.website\/?page_id=384#breadcrumb"},"inLanguage":"en-US","potentialAction":[{"@type":"ReadAction","target":["https:\/\/underdevelopment.website\/?page_id=384"]}]},{"@type":"ImageObject","inLanguage":"en-US","@id":"https:\/\/underdevelopment.website\/?page_id=384#primaryimage","url":"http:\/\/underdevelopment.website\/wp-content\/uploads\/2025\/10\/mystical-numerology-scene.jpg","contentUrl":"http:\/\/underdevelopment.website\/wp-content\/uploads\/2025\/10\/mystical-numerology-scene.jpg"},{"@type":"BreadcrumbList","@id":"https:\/\/underdevelopment.website\/?page_id=384#breadcrumb","itemListElement":[{"@type":"ListItem","position":1,"name":"Home","item":"https:\/\/underdevelopment.website\/"},{"@type":"ListItem","position":2,"name":"\u00dcber mich"}]},{"@type":"WebSite","@id":"https:\/\/underdevelopment.website\/#website","url":"https:\/\/underdevelopment.website\/","name":"Vedische Astrologie \u2013 Pers\u00f6nliche Horoskope f\u00fcr Liebe, Karriere & Leben","description":"Entdecke dein pers\u00f6nliches Horoskop mit pr\u00e4ziser vedischer Astrologie. Erhalte Klarheit \u00fcber Liebe, Beziehungen, Karriere, Kinder und deinen Lebensweg. Verstehe Muster, nutze Chancen und finde Orientierung f\u00fcr dein Leben.","publisher":{"@id":"https:\/\/underdevelopment.website\/#organization"},"potentialAction":[{"@type":"SearchAction","target":{"@type":"EntryPoint","urlTemplate":"https:\/\/underdevelopment.website\/?s={search_term_string}"},"query-input":{"@type":"PropertyValueSpecification","valueRequired":true,"valueName":"search_term_string"}}],"inLanguage":"en-US"},{"@type":"Organization","@id":"https:\/\/underdevelopment.website\/#organization","name":"Vedische Astrologie \u2013 Pers\u00f6nliche Horoskope f\u00fcr Liebe, Karriere & Leben","url":"https:\/\/underdevelopment.website\/","logo":{"@type":"ImageObject","inLanguage":"en-US","@id":"https:\/\/underdevelopment.website\/#\/schema\/logo\/image\/","url":"https:\/\/underdevelopment.website\/wp-content\/uploads\/2025\/10\/logo-original.png","contentUrl":"https:\/\/underdevelopment.website\/wp-content\/uploads\/2025\/10\/logo-original.png","width":250,"height":225,"caption":"Vedische Astrologie \u2013 Pers\u00f6nliche Horoskope f\u00fcr Liebe, Karriere & Leben"},"image":{"@id":"https:\/\/underdevelopment.website\/#\/schema\/logo\/image\/"}}]}},"_links":{"self":[{"href":"https:\/\/underdevelopment.website\/index.php?rest_route=\/wp\/v2\/pages\/384","targetHints":{"allow":["GET"]}}],"collection":[{"href":"https:\/\/underdevelopment.website\/index.php?rest_route=\/wp\/v2\/pages"}],"about":[{"href":"https:\/\/underdevelopment.website\/index.php?rest_route=\/wp\/v2\/types\/page"}],"author":[{"embeddable":true,"href":"https:\/\/underdevelopment.website\/index.php?rest_route=\/wp\/v2\/users\/1"}],"replies":[{"embeddable":true,"href":"https:\/\/underdevelopment.website\/index.php?rest_route=%2Fwp%2Fv2%2Fcomments&post=384"}],"version-history":[{"count":3,"href":"https:\/\/underdevelopment.website\/index.php?rest_route=\/wp\/v2\/pages\/384\/revisions"}],"predecessor-version":[{"id":576,"href":"https:\/\/underdevelopment.website\/index.php?rest_route=\/wp\/v2\/pages\/384\/revisions\/576"}],"wp:attachment":[{"href":"https:\/\/underdevelopment.website\/index.php?rest_route=%2Fwp%2Fv2%2Fmedia&parent=384"}],"curies":[{"name":"wp","href":"https:\/\/api.w.org\/{rel}","templated":true}]}}